{"id":840,"date":"2017-03-06T20:09:09","date_gmt":"2017-03-06T23:09:09","guid":{"rendered":"http:\/\/www.infinis.org\/?page_id=840"},"modified":"2023-05-17T09:08:51","modified_gmt":"2023-05-17T12:08:51","slug":"history","status":"publish","type":"page","link":"http:\/\/www.irp-sinfin.org\/?page_id=840","title":{"rendered":"History"},"content":{"rendered":"<p><!--:en-->The International Research Project SINFIN was created in 2019 as a continuation of the Laboratoire International Associ\u00e9 INFINIS (2011-2019). The institutions involved are:<\/p>\n<ul>\n<li><a href=\"https:\/\/www.irif.fr\/\">Institut de Recherche en Informatique Fondamentale<\/a> &#8211; <a href=\"https:\/\/u-paris.fr\/\">Universit\u00e9 Paris-Cit\u00e9<\/a><\/li>\n<li><a href=\"http:\/\/www.cnrs.fr\/\">CNRS<\/a><\/li>\n<li><a href=\"https:\/\/icc.fcen.uba.ar\/\">Instituto de Ciencias de la Computaci\u00f3n<\/a> &#8211; <a href=\"https:\/\/exactas.uba.ar\/\">Universidad de Buenos Aires<\/a><\/li>\n<li><a href=\"https:\/\/www.conicet.gov.ar\">CONICET<\/a><\/li>\n<\/ul>\n<p><!--:--><\/p>\n","protected":false},"excerpt":{"rendered":"<p>The International Research Project SINFIN was created in 2019 as a continuation of the Laboratoire International Associ\u00e9 INFINIS (2011-2019). The institutions involved are: Institut de Recherche en Informatique Fondamentale &#8211; Universit\u00e9 Paris-Cit\u00e9 CNRS Instituto de Ciencias de la Computaci\u00f3n &#8211; Universidad de Buenos Aires CONICET<\/p>\n","protected":false},"author":1,"featured_media":0,"parent":0,"menu_order":0,"comment_status":"closed","ping_status":"closed","template":"","meta":{"footnotes":""},"class_list":["post-840","page","type-page","status-publish","hentry"],"_links":{"self":[{"href":"http:\/\/www.irp-sinfin.org\/index.php?rest_route=\/wp\/v2\/pages\/840","targetHints":{"allow":["GET"]}}],"collection":[{"href":"http:\/\/www.irp-sinfin.org\/index.php?rest_route=\/wp\/v2\/pages"}],"about":[{"href":"http:\/\/www.irp-sinfin.org\/index.php?rest_route=\/wp\/v2\/types\/page"}],"author":[{"embeddable":true,"href":"http:\/\/www.irp-sinfin.org\/index.php?rest_route=\/wp\/v2\/users\/1"}],"replies":[{"embeddable":true,"href":"http:\/\/www.irp-sinfin.org\/index.php?rest_route=%2Fwp%2Fv2%2Fcomments&post=840"}],"version-history":[{"count":3,"href":"http:\/\/www.irp-sinfin.org\/index.php?rest_route=\/wp\/v2\/pages\/840\/revisions"}],"predecessor-version":[{"id":1827,"href":"http:\/\/www.irp-sinfin.org\/index.php?rest_route=\/wp\/v2\/pages\/840\/revisions\/1827"}],"wp:attachment":[{"href":"http:\/\/www.irp-sinfin.org\/index.php?rest_route=%2Fwp%2Fv2%2Fmedia&parent=840"}],"curies":[{"name":"wp","href":"https:\/\/api.w.org\/{rel}","templated":true}]}}